{"id":724,"date":"2025-11-17T04:09:23","date_gmt":"2025-11-17T10:09:23","guid":{"rendered":"https:\/\/makemynut.com\/?page_id=724"},"modified":"2026-03-15T23:27:18","modified_gmt":"2026-03-16T05:27:18","slug":"portal","status":"publish","type":"page","link":"https:\/\/makemynut.com\/es\/portal\/","title":{"rendered":"Administra tus membres\u00edas"},"content":{"rendered":"<p class=\"has-medium-font-size\">Haga clic en el bot\u00f3n a continuaci\u00f3n para acceder a su portal de facturaci\u00f3n seguro donde puede actualizar su m\u00e9todo de pago, ver facturas y administrar todas sus suscripciones de membres\u00eda.<\/p>\n\n\n\n<div class=\"wp-block-buttons is-content-justification-center is-layout-flex wp-container-core-buttons-is-layout-ccccae50 wp-block-buttons-is-layout-flex\" style=\"padding-top:var(--wp--preset--spacing--50);padding-bottom:var(--wp--preset--spacing--50)\">\n<div class=\"wp-block-button\"><a class=\"wp-block-button__link wp-element-button\" href=\"https:\/\/billing.stripe.com\/p\/login\/9B6aEYeiH75Z3ucgCAafS00\" target=\"_blank\" rel=\"noreferrer noopener\">Administra tus membres\u00edas<\/a><\/div>\n<\/div>","protected":false},"excerpt":{"rendered":"<p>Haga clic en el bot\u00f3n a continuaci\u00f3n para acceder a su portal de facturaci\u00f3n seguro donde puede actualizar su m\u00e9todo de pago, ver facturas y administrar todas sus suscripciones de membres\u00eda.<\/p>","protected":false},"author":1,"featured_media":0,"parent":0,"menu_order":0,"comment_status":"closed","ping_status":"closed","template":"","meta":{"_acf_changed":false,"footnotes":""},"class_list":["post-724","page","type-page","status-publish","hentry"],"acf":[],"_links":{"self":[{"href":"https:\/\/makemynut.com\/es\/wp-json\/wp\/v2\/pages\/724","targetHints":{"allow":["GET"]}}],"collection":[{"href":"https:\/\/makemynut.com\/es\/wp-json\/wp\/v2\/pages"}],"about":[{"href":"https:\/\/makemynut.com\/es\/wp-json\/wp\/v2\/types\/page"}],"author":[{"embeddable":true,"href":"https:\/\/makemynut.com\/es\/wp-json\/wp\/v2\/users\/1"}],"replies":[{"embeddable":true,"href":"https:\/\/makemynut.com\/es\/wp-json\/wp\/v2\/comments?post=724"}],"version-history":[{"count":16,"href":"https:\/\/makemynut.com\/es\/wp-json\/wp\/v2\/pages\/724\/revisions"}],"predecessor-version":[{"id":2917,"href":"https:\/\/makemynut.com\/es\/wp-json\/wp\/v2\/pages\/724\/revisions\/2917"}],"wp:attachment":[{"href":"https:\/\/makemynut.com\/es\/wp-json\/wp\/v2\/media?parent=724"}],"curies":[{"name":"wp","href":"https:\/\/api.w.org\/{rel}","templated":true}]}}