{"id":394,"date":"2025-10-30T11:16:44","date_gmt":"2025-10-30T11:16:44","guid":{"rendered":"https:\/\/mmn.local\/?page_id=394"},"modified":"2025-11-17T11:30:46","modified_gmt":"2025-11-17T17:30:46","slug":"countries-and-currencies","status":"publish","type":"page","link":"https:\/\/makemynut.com\/es\/countries-and-currencies\/","title":{"rendered":"Pa\u00edses y monedas"},"content":{"rendered":"<p>MakeMyNut apoya a l\u00edderes y emprendedores en m\u00e1s de 100 pa\u00edses y acepta m\u00e1s de 100 divisas con un sencillo sistema de pagos recurrentes. \u00a1Y lo mejor de todo es que quienes te apoyan no necesitan crear una cuenta para empezar a enviarte pagos mensuales!<\/p>\n\n\n\n<h2 class=\"wp-block-heading\">Pa\u00edses admitidos<\/h2>\n\n\n\n<p>Si tienes una cuenta bancaria personal o de empresa en uno de los siguientes pa\u00edses, puedes usar MakeMyNut. Si no ves tu pa\u00eds aqu\u00ed, <a href=\"https:\/\/makemynut.com\/es\/contact\/\" data-type=\"page\" data-id=\"237\">Cont\u00e1ctanos<\/a>.<\/p>\n\n\n<div id=\"countryWidget\"><\/div>\n\n\n\n<h2 class=\"wp-block-heading\">Monedas admitidas<\/h2>\n\n\n\n<p>Los miembros de su proyecto pueden pagar en cualquiera de las monedas a continuaci\u00f3n y siempre se les cobrar\u00e1 la misma cantidad cada mes en la moneda seleccionada, independientemente de las fluctuaciones del tipo de cambio.<\/p>\n\n\n<div id=\"currencyWidget\"><\/div>","protected":false},"excerpt":{"rendered":"<p>MakeMyNut supports leaders and entrepreneurs in over 100 countries and accepts over 100 currencies in a simple recurring payment system. Best of all, your supporters don&#8217;t need to create an account to begin providing you with monthly payments! Supported Countries If you have a personal or business bank account in one of the following countries, [&hellip;]<\/p>\n","protected":false},"author":1,"featured_media":0,"parent":0,"menu_order":0,"comment_status":"closed","ping_status":"closed","template":"pages-medium","meta":{"_acf_changed":false,"footnotes":""},"class_list":["post-394","page","type-page","status-publish","hentry"],"acf":[],"_links":{"self":[{"href":"https:\/\/makemynut.com\/es\/wp-json\/wp\/v2\/pages\/394","targetHints":{"allow":["GET"]}}],"collection":[{"href":"https:\/\/makemynut.com\/es\/wp-json\/wp\/v2\/pages"}],"about":[{"href":"https:\/\/makemynut.com\/es\/wp-json\/wp\/v2\/types\/page"}],"author":[{"embeddable":true,"href":"https:\/\/makemynut.com\/es\/wp-json\/wp\/v2\/users\/1"}],"replies":[{"embeddable":true,"href":"https:\/\/makemynut.com\/es\/wp-json\/wp\/v2\/comments?post=394"}],"version-history":[{"count":7,"href":"https:\/\/makemynut.com\/es\/wp-json\/wp\/v2\/pages\/394\/revisions"}],"predecessor-version":[{"id":825,"href":"https:\/\/makemynut.com\/es\/wp-json\/wp\/v2\/pages\/394\/revisions\/825"}],"wp:attachment":[{"href":"https:\/\/makemynut.com\/es\/wp-json\/wp\/v2\/media?parent=394"}],"curies":[{"name":"wp","href":"https:\/\/api.w.org\/{rel}","templated":true}]}}