{"id":1684,"date":"2025-11-30T17:22:02","date_gmt":"2025-11-30T23:22:02","guid":{"rendered":"https:\/\/makemynut.com\/?page_id=1684"},"modified":"2026-03-19T14:32:34","modified_gmt":"2026-03-19T20:32:34","slug":"about","status":"publish","type":"page","link":"https:\/\/makemynut.com\/es\/about\/","title":{"rendered":"Acerca de MakeMyNut*"},"content":{"rendered":"<div class=\"wp-block-group is-layout-constrained wp-container-core-group-is-layout-81a76acf wp-block-group-is-layout-constrained\" style=\"padding-right:0px;padding-left:0px\">\n<h2 class=\"wp-block-heading has-text-align-center\">Financia tu vida y tu trabajo con apoyo mensual recurrente.<\/h2>\n\n\n\n<figure class=\"wp-block-image size-full is-resized\"><img loading=\"lazy\" decoding=\"async\" width=\"600\" height=\"315\" src=\"https:\/\/makemynut.com\/wp-content\/uploads\/2026\/02\/MW-headshot-May-2025-featured-image-4.jpg\" alt=\"\" class=\"wp-image-2178\" style=\"width:650px\" srcset=\"https:\/\/makemynut.com\/wp-content\/uploads\/2026\/02\/MW-headshot-May-2025-featured-image-4.jpg 600w, https:\/\/makemynut.com\/wp-content\/uploads\/2026\/02\/MW-headshot-May-2025-featured-image-4-300x158.jpg 300w, https:\/\/makemynut.com\/wp-content\/uploads\/2026\/02\/MW-headshot-May-2025-featured-image-4-18x9.jpg 18w\" sizes=\"auto, (max-width: 600px) 100vw, 600px\" \/><\/figure>\n\n\n\n<p>Soy Mark Winstein, fundador y desarrollador de la plataforma MakeMyNut.<\/p>\n\n\n\n<p>En el lenguaje empresarial, tu &quot;gasto fijo&quot; se refiere a tus gastos mensuales para vivir y cubrir los costos recurrentes esenciales para construir el negocio o proyecto de tus sue\u00f1os. Estos gastos fundamentales son necesarios para cualquier proyecto nuevo, independientemente de si buscas capital, subvenciones o un crecimiento inicial de las ventas.<\/p>\n\n\n\n<p>Los fundadores suelen intentar sufragar estos gastos b\u00e1sicos trabajando en empleos que no contribuyen a su visi\u00f3n, acumulando deudas con tarjetas de cr\u00e9dito o recurriendo a financiaci\u00f3n mediante capital o deuda de alto riesgo. Cometer errores al principio para financiar tu proyecto puede agotarte, ralentizar el progreso dr\u00e1sticamente o incluso acabar con tu sue\u00f1o por completo.<\/p>\n\n\n\n<p>Cuando inici\u00e9 mi primer negocio ecol\u00f3gico en 1983, desperdiciaba la mayor parte de mi tiempo y energ\u00eda en trabajos a tiempo parcial sin sentido. Finalmente, la empresa gener\u00f3 suficientes ingresos como para que pudiera dejar esos trabajos, pero se perdi\u00f3 mucho tiempo e impulso justo cuando ten\u00eda m\u00e1s energ\u00eda.<\/p>\n\n\n\n<p>En 1990, cofund\u00e9 una ONG ambiental en Washington. Los primeros a\u00f1os fueron muy duros. Literalmente, una voz en mi cabeza me dec\u00eda constantemente: &quot;\u00bfC\u00f3mo vamos a conseguir m\u00e1s dinero?&quot;.\u201c<\/p>\n\n\n\n<p>Pero aprend\u00ed algo fundamental al convertirme en una promotora de fondos de base, algo que constituye la esencia de Make My Nut. La gente est\u00e1 dispuesta a pagar por un trabajo visionario. No quieren una camiseta ni una mochila. Quieren que tengas \u00e9xito.<\/p>\n\n\n\n<p>Si quieres crear un negocio o un proyecto, eres un visionario. Hoy en d\u00eda, existen numerosos grupos de personas, f\u00e1cilmente accesibles, interesadas en apoyar a los visionarios.<\/p>\n\n\n\n<p>Y ahora, con la plataforma MakeMyNut, <strong>Puedes recaudar tu propio salario de estas personas por tu visi\u00f3n, <\/strong>incluso antes de tener un producto o servicio viable para vender.<\/p>\n\n\n\n<p>Incluso acu\u00f1\u00e9 un t\u00e9rmino para esto: LAAS, o \u201cLiderazgo como Servicio\u201d. Si eres un l\u00edder, hay personas que quieren pagarte por tu liderazgo, aunque nunca sean clientes de tus productos o servicios principales.<\/p>\n\n\n\n<h3 class=\"wp-block-heading\">\u00a1Un descubrimiento a\u00fan mayor!<\/h3>\n\n\n\n<p>A medida que fui adquiriendo m\u00e1s experiencia como recaudador de fondos en el mundo de las ONG, aprend\u00ed que, en el d\u00eda adecuado y con la presentaci\u00f3n adecuada, un donante individual puede extender un cheque equivalente a 100 veces su contribuci\u00f3n anual. Lo intent\u00e9, y es cierto. <\/p>\n\n\n\n<p>Este hecho tiene enormes implicaciones para el negocio o proyecto de tus sue\u00f1os. Supongamos que quieres recaudar 1 mill\u00f3n de TP4T para tu proyecto. Primero querr\u00edas crear una comunidad de miembros que te pague 10\u00a0000 TP4T al a\u00f1o. Eso son solo 835 TP4T al mes.<\/p>\n\n\n\n<p>A\u00fan m\u00e1s importante, al recaudar millones de d\u00f3lares para proyectos muy dif\u00edciles, pude observar que, al recaudar fondos para un proyecto, existe un conflicto de intereses inherente entre las necesidades del proyecto y las necesidades personales y familiares del fundador. Esto dificulta honrar la integridad ante los inversores o donantes. <\/p>\n\n\n\n<p>Con la aplicaci\u00f3n MakeMyNut, <strong>Puedes aumentar tu salario primero. <\/strong>Esto elimina la tensi\u00f3n inherente entre tus necesidades personales y las del proyecto. Ahora puedes vender primero tu visi\u00f3n y despu\u00e9s tu proyecto.<\/p>\n\n\n\n<p>Estas son solo algunas de las razones por las que cre\u00e9 la aplicaci\u00f3n MakeMyNut. Ahora veo muchos otros casos de uso. Si quieres explorar tu proyecto y tu visi\u00f3n con m\u00e1s detalle, no dudes en... <a href=\"https:\/\/makemynut.com\/es\/contact\/\" data-type=\"page\" data-id=\"237\">Cont\u00e1ctame<\/a> Para obtener mi opini\u00f3n personal.<\/p>\n\n\n\n<h2 class=\"wp-block-heading\">Flexibilidad total <\/h2>\n\n\n\n<p>MakeMyNut es la \u00fanica plataforma dise\u00f1ada para membres\u00edas mensuales con pago a tu gusto. Sin niveles. Sin m\u00ednimos. Sin soluciones alternativas. <\/p>\n\n\n\n<p>Puedes empezar a gestionar pagos recurrentes de inmediato desde la p\u00e1gina de tu proyecto en este sitio web, y puedes a\u00f1adir el formulario de pago a tu propio sitio web con solo dos l\u00edneas de HTML para crear una soluci\u00f3n totalmente personalizada.<\/p>\n\n\n\n<p>Sus patrocinadores ingresan la cantidad que deseen, hasta $999,999 por mes, y pagan cantidades mensuales iguales en la moneda que prefieran.<\/p>\n\n\n\n<p>Tus miembros se mantienen comprometidos todo el tiempo que deseen. Obtienes ingresos recurrentes predecibles que te permiten concentrarte en tu trabajo, enviando solo una actualizaci\u00f3n por correo electr\u00f3nico al mes. <\/p>\n\n\n\n<p>Esto funciona porque, en lugar del flujo interminable de contenido que se espera en otras plataformas, los miembros que consigues a trav\u00e9s de la plataforma Make My Nut te pagan por crear tu proyecto, no por un flujo constante de contenido.<\/p>\n\n\n\n<p>Todas las plataformas importantes obligan a sus miembros potenciales a aceptar niveles fijos o pagos \u00fanicos. Emprendedores, creadores, organizaciones sin fines de lucro, coaches, desarrolladores independientes y l\u00edderes comunitarios solicitan repetidamente apoyo mensual con pago a voluntad. Nadie lo ofreci\u00f3. <\/p>\n\n\n\n<p>Cr\u00e9anme, he explorado todas las alternativas posibles. La necesidad de la aplicaci\u00f3n MakeMyNut era tan evidente y tan imprescindible para mis alumnos y mis propios proyectos que, finalmente, en 2025 decid\u00ed crearla yo mismo.<\/p>\n\n\n\n<h2 class=\"wp-block-heading\">Para qui\u00e9n es esto<\/h2>\n\n\n\n<p>MakeMyNut sirve a cualquier persona que est\u00e9 construyendo algo que necesite apoyo comunitario sostenible:<\/p>\n\n\n\n<ul class=\"wp-block-list\">\n<li>Emprendedores que buscan empezar desde cero<\/li>\n\n\n\n<li>Creadores y educadores<\/li>\n\n\n\n<li>Organizaciones sin fines de lucro y grupos comunitarios<\/li>\n\n\n\n<li>Entrenadores, mentores y l\u00edderes espirituales<\/li>\n\n\n\n<li>Desarrolladores independientes y fundadores de peque\u00f1os proyectos<\/li>\n\n\n\n<li>\u00bfAlguien que se est\u00e9 preparando para rondas de inversi\u00f3n respaldadas por la comunidad?<\/li>\n<\/ul>\n\n\n\n<h2 class=\"wp-block-heading\">Por qu\u00e9 funciona el sistema de &quot;Paga lo que quieras&quot;<\/h2>\n\n\n\n<p>Los precios fijos excluyen a las personas. Los niveles fragmentan tu comunidad. PWYW elimina las barreras por completo.<\/p>\n\n\n\n<p>Con el sistema &quot;Paga lo que puedas&quot;, los donantes con menor capacidad contribuyen con lo que pueden. Los donantes con mayor capacidad pagan seg\u00fan lo que les motive. Todos participan sin l\u00edmites artificiales.<\/p>\n\n\n\n<p>El resultado: un alcance m\u00e1s amplio, una mayor retenci\u00f3n y un ingreso mensual sostenible que realmente puedes planificar.<\/p>\n\n\n\n<p>Adem\u00e1s, hoy en d\u00eda, las rondas de financiaci\u00f3n comunitaria para grandes gastos son cada vez m\u00e1s comunes en todo el mundo. Pero solo funcionan si primero se ha creado una comunidad. Ahora es el momento de empezar.<\/p>\n\n\n\n<h2 class=\"wp-block-heading\">Por qu\u00e9 es importante el mes<\/h2>\n\n\n\n<p>Las contribuciones puntuales generan caos. Las tasas de retenci\u00f3n anuales para contribuciones puntuales promedian entre 20 y 25%. Constantemente est\u00e1s intentando convencer a las mismas personas una y otra vez.<\/p>\n\n\n\n<p>El soporte mensual recurrente lo cambia todo. Las tasas de retenci\u00f3n aumentan al 80-90%. Tus seguidores se mantienen comprometidos. Tus ingresos se vuelven predecibles. Obtienes el terreno necesario para construir, perfeccionar y crecer.<\/p>\n\n\n\n<p>Ya sea que est\u00e9s desarrollando un proyecto, gestionando programas o prepar\u00e1ndote para una importante ronda de financiaci\u00f3n, contar con ingresos mensuales estables es fundamental para tu \u00e9xito.<\/p>\n\n\n\n<h2 class=\"wp-block-heading\">La ventaja estructural<\/h2>\n\n\n\n<p>MakeMyNut resuelve problemas estructurales que pueden impedirle alcanzar sus objetivos.<\/p>\n\n\n\n<p>Los fundadores no pueden sostener las captaciones de capital sin una comunidad. Las comunidades no se pueden construir sin ingresos estables. Los ingresos estables no provienen de donaciones puntuales.<\/p>\n\n\n\n<p>Las organizaciones sin fines de lucro no pueden obtener subvenciones sin capacidad operativa. No pueden desarrollar capacidad sin ingresos no restringidos. No pueden obtener ingresos no restringidos mediante donaciones puntuales o subvenciones restringidas.<\/p>\n\n\n\n<p>Las membres\u00edas mensuales de pago voluntario rompen el ciclo de fracaso. Obtienes el apoyo mensual b\u00e1sico que necesitas para hacer todo lo dem\u00e1s.<\/p>\n\n\n\n<h2 class=\"wp-block-heading\">Simple = Poderoso<\/h2>\n\n\n\n<p>Tus seguidores se registran, eligen su cuota mensual y se quedan mientras tu trabajo les importe. T\u00fa recibes tu pago. Ellos tienen acceso a tus actualizaciones mensuales y a todo lo que desees.<\/p>\n\n\n\n<p>Otras plataformas requieren que tus donantes creen cuentas protegidas con contrase\u00f1a. Esta fricci\u00f3n innecesaria te cuesta dinero al finalizar la compra.<\/p>\n\n\n\n<h2 class=\"wp-block-heading\">T\u00fa eres due\u00f1o de tu lista<\/h2>\n\n\n\n<p>Otras plataformas hacen que sea casi imposible comunicarse con tus seguidores. MakeMyNut se integra directamente con cualquier autorespondedor de correo electr\u00f3nico, lo que te permite gestionar tu propio programa. <\/p>\n\n\n\n<h2 class=\"wp-block-heading\">Construido por alguien que lo usa.<\/h2>\n\n\n\n<p>Como fundador de MakeMyNut, recibo pagos a trav\u00e9s de la plataforma, al igual que cualquier otro usuario. Pruebo todas las funciones en condiciones reales antes de que nadie m\u00e1s las vea, porque dependo de esos ingresos para operar y hacer crecer la plataforma.<\/p>\n\n\n\n<h2 class=\"wp-block-heading\">Qu\u00e9date con lo que ganas<\/h2>\n\n\n\n<p>MakeMyNut no cobra comisiones. Te quedas con lo que ganas. Solo restamos las comisiones m\u00ednimas que cobran nuestros procesadores de pagos.<\/p>\n\n\n\n<h2 class=\"wp-block-heading\">Empezar<\/h2>\n\n\n\n<p>Si has estado buscando una forma de aceptar apoyo recurrente sin forzar a tu comunidad a encajar en casillas en las que no encaja, esta es la soluci\u00f3n.<\/p>\n\n\n\n<p>MakeMyNut te ofrece lo que has estado pidiendo: membres\u00edas mensuales en las que pagas lo que deseas, creadas por un recaudador de fondos experimentado que las usa \u00e9l mismo.<\/p>\n\n\n\n<hr class=\"wp-block-separator has-text-color has-accent-color has-alpha-channel-opacity has-accent-background-color has-background\" style=\"margin-top:var(--wp--preset--spacing--70)\"\/>\n\n\n\n<h2 class=\"wp-block-heading\">Acerca de m\u00ed<\/h2>\n\n\n\n<p>He sido un emprendedor motivado por la ecolog\u00eda desde 1983, iniciando varias empresas, organizaciones sin fines de lucro y compa\u00f1\u00edas financieras en este sector. <\/p>\n\n\n\n<p>Si bien las oportunidades en mi campo, como en tantos otros, son inmensas, est\u00e1n fuera del alcance de bancos, inversores \u00e1ngeles e inversores de capital riesgo. He aprendido finanzas de base a la fuerza y he visto muchos m\u00e1s fracasos en grandes proyectos lanzados por otros que \u00e9xitos.<\/p>\n\n\n\n<p>Desde 2001, he trabajado para resolver los problemas financieros m\u00e1s b\u00e1sicos de personas que se esfuerzan tanto por resolver los desaf\u00edos que m\u00e1s me importan. En 2025, me di cuenta de que la clave es simplemente cobrar lo suficiente cada mes para trabajar en tu sue\u00f1o. Lo he hecho a las duras penas la mayor parte de mi vida. Ahora, <strong>Tu vida como pionero puede ser un poco m\u00e1s f\u00e1cil<\/strong> con la aplicaci\u00f3n MakeMyNut.<\/p>\n\n\n\n<p>Utilizo la plataforma MakeMyNut para obtener mis ingresos y as\u00ed poder ofrecer mentor\u00eda gratuita a personas de cualquier pa\u00eds y situaci\u00f3n econ\u00f3mica que tengan una visi\u00f3n. Si est\u00e1s dispuesto a trabajar duro, estoy aqu\u00ed para guiarte hacia el \u00e9xito.<\/p>\n\n\n\n<p>En todos mis a\u00f1os de trabajo con otros, hay una constante que se ha mantenido:<\/p>\n\n\n\n<p>La mayor\u00eda de los emprendedores no pueden permitirse vivir y hacer crecer su proyecto al mismo tiempo. Por eso, asumen riesgos financieros peligrosos, malgastan su energ\u00eda buscando trabajos que no aportan valor a su misi\u00f3n, o simplemente nunca empiezan. Esto, m\u00e1s que ninguna otra cosa, me ha motivado a crear MakeMyNut.<\/p>\n\n\n\n<p>Con la plataforma MakeMyNut y la capacitaci\u00f3n gratuita en l\u00ednea y en vivo, ahora tienes las herramientas que necesitas para cobrar desde la idea inicial. Se acabaron las crisis financieras, solo un crecimiento constante de tus ingresos mensuales y un trabajo constante en lo que m\u00e1s te importa.<\/p>\n\n\n\n<p>Mark Winstein<br>Fundador y desarrollador principal<br>MakeMyNut.com<\/p>\n\n\n\n<p class=\"has-accent-color has-text-color has-link-color has-merriweather-font-family has-x-large-font-size wp-elements-a7d3653d635922531733bfc68989474b\" style=\"padding-top:var(--wp--preset--spacing--40)\">*<strong>Tuerca:<\/strong><\/p>\n\n\n\n<ol class=\"wp-block-list\">\n<li class=\"has-accent-color has-text-color has-link-color has-merriweather-font-family has-medium-font-size wp-elements-f983cd84d53b00f823b5b9c566775ddd\">Una cosa dif\u00edcil de descifrar.<\/li>\n\n\n\n<li class=\"has-accent-color has-text-color has-link-color has-merriweather-font-family has-medium-font-size wp-elements-3430b806441f4032962e71b88b110d64\">Costo mensual para vivir y construir el negocio o proyecto de tus sue\u00f1os.<\/li>\n<\/ol>\n\n\n\n<div class=\"wp-block-buttons is-content-justification-center is-layout-flex wp-container-core-buttons-is-layout-ccccae50 wp-block-buttons-is-layout-flex\" style=\"padding-top:var(--wp--preset--spacing--50);padding-bottom:var(--wp--preset--spacing--50)\">\n<div class=\"wp-block-button\"><a class=\"wp-block-button__link wp-element-button\" href=\"https:\/\/makemynut.com\/es\/project\/make-my-nut\/\">Apoya Make My Nut<\/a><\/div>\n\n\n\n<div class=\"wp-block-button\"><a class=\"wp-block-button__link wp-element-button\" href=\"https:\/\/makemynut.com\/es\/submit-your-project\/\">Presentar un proyecto<\/a><\/div>\n<\/div>\n<\/div>","protected":false},"excerpt":{"rendered":"<p>Fund Your Life and Work with Recurring Monthly Support I&#8217;m Mark Winstein, founder and developer of the MakeMyNut platform. In entrepreneur-speak, your &#8220;nut&#8221; is your monthly cost to live &amp; pay the core recurring costs to build your dream business or project. These fundamental expenses are required for any new project, whether or not you [&hellip;]<\/p>\n","protected":false},"author":1,"featured_media":0,"parent":0,"menu_order":0,"comment_status":"closed","ping_status":"closed","template":"pages-medium","meta":{"_acf_changed":false,"footnotes":""},"class_list":["post-1684","page","type-page","status-publish","hentry"],"acf":[],"_links":{"self":[{"href":"https:\/\/makemynut.com\/es\/wp-json\/wp\/v2\/pages\/1684","targetHints":{"allow":["GET"]}}],"collection":[{"href":"https:\/\/makemynut.com\/es\/wp-json\/wp\/v2\/pages"}],"about":[{"href":"https:\/\/makemynut.com\/es\/wp-json\/wp\/v2\/types\/page"}],"author":[{"embeddable":true,"href":"https:\/\/makemynut.com\/es\/wp-json\/wp\/v2\/users\/1"}],"replies":[{"embeddable":true,"href":"https:\/\/makemynut.com\/es\/wp-json\/wp\/v2\/comments?post=1684"}],"version-history":[{"count":65,"href":"https:\/\/makemynut.com\/es\/wp-json\/wp\/v2\/pages\/1684\/revisions"}],"predecessor-version":[{"id":3118,"href":"https:\/\/makemynut.com\/es\/wp-json\/wp\/v2\/pages\/1684\/revisions\/3118"}],"wp:attachment":[{"href":"https:\/\/makemynut.com\/es\/wp-json\/wp\/v2\/media?parent=1684"}],"curies":[{"name":"wp","href":"https:\/\/api.w.org\/{rel}","templated":true}]}}