{"id":145,"date":"2025-04-18T12:55:12","date_gmt":"2025-04-18T12:55:12","guid":{"rendered":"http:\/\/localhost\/mmn\/?page_id=145"},"modified":"2026-01-29T13:21:03","modified_gmt":"2026-01-29T19:21:03","slug":"thank-you","status":"publish","type":"page","link":"https:\/\/makemynut.com\/es\/thank-you\/","title":{"rendered":"Gracias"},"content":{"rendered":"<p class=\"has-medium-font-size\">\u00a1Muchas gracias por enviar tu proyecto en Make My Nut!<\/p>\n\n\n\n<p>Acabamos de enviarte un correo electr\u00f3nico de confirmaci\u00f3n. Revisa tu bandeja de entrada para asegurarte de que lo recibiste.<\/p>\n\n\n\n<p>Su proyecto est\u00e1 siendo revisado. Le enviaremos otro correo electr\u00f3nico en cuanto se apruebe su incorporaci\u00f3n.<\/p>\n\n\n\n<p class=\"has-medium-font-size\">Si tienes alguna pregunta, no dudes en contactarnos. <a href=\"https:\/\/makemynut.com\/es\/contact\/\" data-type=\"page\" data-id=\"237\">Cont\u00e1ctanos<\/a>.<\/p>","protected":false},"excerpt":{"rendered":"<p>Thank you very much for submitting your project at Make My Nut! We just sent you an confirmation email. Please check your inbox to be sure that you received it. Your project submission is currently being reviewed. We will send you another email as soon as your project is approved for onboarding. If you have [&hellip;]<\/p>\n","protected":false},"author":1,"featured_media":0,"parent":0,"menu_order":0,"comment_status":"closed","ping_status":"closed","template":"","meta":{"_acf_changed":false,"footnotes":""},"class_list":["post-145","page","type-page","status-publish","hentry"],"acf":[],"_links":{"self":[{"href":"https:\/\/makemynut.com\/es\/wp-json\/wp\/v2\/pages\/145","targetHints":{"allow":["GET"]}}],"collection":[{"href":"https:\/\/makemynut.com\/es\/wp-json\/wp\/v2\/pages"}],"about":[{"href":"https:\/\/makemynut.com\/es\/wp-json\/wp\/v2\/types\/page"}],"author":[{"embeddable":true,"href":"https:\/\/makemynut.com\/es\/wp-json\/wp\/v2\/users\/1"}],"replies":[{"embeddable":true,"href":"https:\/\/makemynut.com\/es\/wp-json\/wp\/v2\/comments?post=145"}],"version-history":[{"count":6,"href":"https:\/\/makemynut.com\/es\/wp-json\/wp\/v2\/pages\/145\/revisions"}],"predecessor-version":[{"id":1889,"href":"https:\/\/makemynut.com\/es\/wp-json\/wp\/v2\/pages\/145\/revisions\/1889"}],"wp:attachment":[{"href":"https:\/\/makemynut.com\/es\/wp-json\/wp\/v2\/media?parent=145"}],"curies":[{"name":"wp","href":"https:\/\/api.w.org\/{rel}","templated":true}]}}