{"id":10,"date":"2025-04-16T18:50:41","date_gmt":"2025-04-16T18:50:41","guid":{"rendered":"http:\/\/localhost\/mmn\/?page_id=10"},"modified":"2026-03-11T07:59:25","modified_gmt":"2026-03-11T13:59:25","slug":"generate-basic-recurring-income","status":"publish","type":"page","link":"https:\/\/makemynut.com\/es\/","title":{"rendered":"Genera ingresos mensuales para financiar el proyecto de tus sue\u00f1os"},"content":{"rendered":"<h2 class=\"wp-block-heading has-text-align-center\">Los pagos recurrentes predecibles le ayudan a concentrarse en su misi\u00f3n desde el principio<\/h2>\n\n\n\n<div class=\"wp-block-buttons is-content-justification-center is-layout-flex wp-container-core-buttons-is-layout-a89b3969 wp-block-buttons-is-layout-flex\">\n<div class=\"wp-block-button\"><a class=\"wp-block-button__link has-medium-font-size has-text-align-center has-custom-font-size wp-element-button\" href=\"https:\/\/makemynut.com\/es\/submit-your-project\/\" style=\"padding-top:10px;padding-bottom:10px\">Env\u00ede su proyecto<\/a><\/div>\n<\/div>\n\n\n\n<div class=\"wp-block-group mmn-shadow has-theme-white-background-color has-background is-vertical is-content-justification-center is-layout-flex wp-container-core-group-is-layout-172ace91 wp-block-group-is-layout-flex\" style=\"border-style:none;border-width:0px;border-radius:8px;margin-top:var(--wp--preset--spacing--70);margin-bottom:var(--wp--preset--spacing--70);padding-bottom:var(--wp--preset--spacing--60)\">\n<h2 class=\"wp-block-heading has-text-align-center\"><br>Aumenta tu salario primero<\/h2>\n\n\n\n<p class=\"has-text-align-left\">No dejes que las limitaciones financieras te detengan. La comunidad de pagos recurrentes MakeMyNut* te ayuda a generar ingresos mensuales para tu visi\u00f3n, para que puedas dedicar tu tiempo y energ\u00eda a crearla sin tener que trabajar en otro trabajo, pedir prestado ni correr riesgos innecesarios.<\/p>\n<\/div>\n\n\n\n<div class=\"wp-block-group mmn-shadow has-theme-white-background-color has-background is-vertical is-content-justification-center is-layout-flex wp-container-core-group-is-layout-172ace91 wp-block-group-is-layout-flex\" style=\"border-style:none;border-width:0px;border-radius:8px;margin-top:var(--wp--preset--spacing--70);margin-bottom:var(--wp--preset--spacing--70);padding-bottom:var(--wp--preset--spacing--60)\">\n<h2 class=\"wp-block-heading has-text-align-center\"><br>Recaudar capital o subvenciones a continuaci\u00f3n<\/h2>\n\n\n\n<p class=\"has-text-align-left\">Los recaudadores de fondos profesionales crean grupos de simpatizantes antes de recaudar fondos, pero generalmente solo trabajan en proyectos que requieren entre 1 y 5 millones de d\u00f3lares o m\u00e1s. Con MakeMyNut, puedes cobrar por conseguir simpatizantes y luego recaudar capital o subvenciones correctamente, sin contratar a recaudadores de fondos ni consultores externos.<\/p>\n<\/div>\n\n\n\n<div class=\"wp-block-group mmn-shadow has-theme-white-background-color has-background is-vertical is-content-justification-center is-layout-flex wp-container-core-group-is-layout-d43ff8a2 wp-block-group-is-layout-flex\" style=\"border-style:none;border-width:0px;border-radius:8px;margin-top:var(--wp--preset--spacing--70);margin-bottom:var(--wp--preset--spacing--70);padding-bottom:var(--wp--preset--spacing--70)\">\n<h2 class=\"wp-block-heading has-text-align-center\"><br>Un formulario simple<\/h2>\n\n\n\n<div class=\"wp-block-columns is-layout-flex wp-container-core-columns-is-layout-28f84493 wp-block-columns-is-layout-flex\">\n<div class=\"wp-block-column is-vertically-aligned-center is-layout-flow wp-block-column-is-layout-flow\" style=\"padding-right:0;flex-basis:49%\">\n<p><strong>Coloque este formulario en su sitio web<\/strong> con dos l\u00edneas de HTML o publique su proyecto en el nuestro para generar soporte r\u00e1pidamente.<br><br><strong>Sea due\u00f1o de su lista de miembros<\/strong> con f\u00e1cil integraci\u00f3n a cualquier sistema de correo electr\u00f3nico.<br><br><strong>Gu\u00eda gratuita paso a paso<\/strong> Te ayuda a tener \u00e9xito.<\/p>\n\n\n\n<p><strong>Conserva m\u00e1s de lo que ganas.<\/strong> Solo restamos la tarifa de transacci\u00f3n mensual m\u00ednima, sin comisiones adicionales. <\/p>\n\n\n\n<p><strong>Personaliza tu forma de pago<\/strong> con tus propios estilos CSS.<\/p>\n\n\n\n<p><strong>Reemplazar el t\u00edtulo y los beneficios <\/strong>Se muestra aqu\u00ed con su propio contenido. <br><\/p>\n<\/div>\n\n\n\n<div class=\"wp-block-column is-vertically-aligned-center is-layout-flow wp-block-column-is-layout-flow\" style=\"flex-basis:51%\">\n<h2 class=\"wp-block-heading has-text-align-center has-accent-color has-text-color has-link-color has-large-font-size wp-elements-0c992574ce0d1bcd22bb5e983c43ed29\" style=\"font-style:normal;font-weight:500\">Apoya Make My Nut<\/h2>\n\n\n\n<div id='payment'><\/div>\n<script src='https:\/\/makemynut.com\/wp-json\/makemynut\/v1\/script?vendor_id=KM_VWBhXVc8spVJBTRGTBA&#038;mmn_page=remote'><\/script>\n\n\n\n<ul style=\"padding-top:0;padding-left:30px\" class=\"wp-block-list mmn-benefits\">\n<li style=\"font-size:16px\">Informe mensual de progreso por correo electr\u00f3nico<\/li>\n\n\n\n<li style=\"font-size:16px\">No se requiere cuenta ni contrase\u00f1a<\/li>\n\n\n\n<li style=\"font-size:16px\">Gestione usted mismo su suscripci\u00f3n f\u00e1cilmente<\/li>\n\n\n\n<li style=\"font-size:16px\">Pagos mensuales iguales en cualquier moneda<\/li>\n<\/ul>\n<\/div>\n<\/div>\n<\/div>\n\n\n\n<div class=\"wp-block-columns is-layout-flex wp-container-core-columns-is-layout-28f84493 wp-block-columns-is-layout-flex\">\n<div class=\"wp-block-column mmn-shadow has-theme-white-background-color has-background is-layout-flow wp-block-column-is-layout-flow\" style=\"border-style:none;border-width:0px;border-radius:8px;padding-top:var(--wp--preset--spacing--70);padding-right:var(--wp--preset--spacing--60);padding-bottom:var(--wp--preset--spacing--70);padding-left:var(--wp--preset--spacing--60)\">\n<div class=\"wp-block-outermost-icon-block items-justified-center\"><div class=\"icon-container has-icon-color has-accent-color\" style=\"color:#DE5945;width:90px;transform:rotate(0deg) scaleX(1) scaleY(1)\"><svg xmlns=\"http:\/\/www.w3.org\/2000\/svg\" width=\"48\" height=\"48\" viewbox=\"0 0 24 24\"><path fill=\"none\" stroke=\"currentColor\" stroke-linecap=\"round\" stroke-linejoin=\"round\" stroke-width=\"1.5\" d=\"M12 21a9 9 0 1 0 0-18m0 18a9 9 0 1 1 0-18m0 18c2.761 0 3.941-5.163 3.941-9S14.761 3 12 3m0 18c-2.761 0-3.941-5.163-3.941-9S9.239 3 12 3M3.5 9h17m-17 6h17\"><\/path><\/svg><\/div><\/div>\n\n\n\n<h2 class=\"wp-block-heading has-text-align-center\">Ganancias por dep\u00f3sitos en m\u00e1s de 100 pa\u00edses<\/h2>\n\n\n\n<p class=\"has-text-align-center\">Dondequiera que vivas, puedes comenzar a generar ingresos recurrentes y ganar miembros comprometidos a tu manera.<\/p>\n\n\n\n<p class=\"has-text-align-center\"><a href=\"https:\/\/makemynut.com\/es\/countries-and-currencies\/\" data-type=\"page\" data-id=\"394\">Ver todos los pa\u00edses<\/a><\/p>\n<\/div>\n\n\n\n<div class=\"wp-block-column mmn-shadow has-theme-white-background-color has-background is-layout-flow wp-block-column-is-layout-flow\" style=\"border-style:none;border-width:0px;border-radius:8px;padding-top:var(--wp--preset--spacing--70);padding-right:var(--wp--preset--spacing--60);padding-bottom:var(--wp--preset--spacing--70);padding-left:var(--wp--preset--spacing--60)\">\n<div class=\"wp-block-outermost-icon-block items-justified-center\"><div class=\"icon-container has-icon-color has-accent-color\" style=\"color:#DE5945;width:90px;transform:rotate(0deg) scaleX(1) scaleY(1)\"><svg xmlns=\"http:\/\/www.w3.org\/2000\/svg\" width=\"48\" height=\"48\" viewbox=\"0 0 24 24\"><path fill=\"currentColor\" d=\"M12.15 16.15q.825 0 1.413-.387t.587-1.213q0-.725-.612-1.175T11.35 12.35q-1.475-.525-2.162-1.25T8.5 9.2q0-1.025.713-1.862T11.15 6.25v-.375q0-.35.263-.612T12.025 5t.613.263t.262.612v.375q.725.05 1.338.488t.987 1.062q.175.275.025.588t-.5.437q-.325.125-.65.025t-.525-.375q-.25-.3-.625-.487t-.9-.188q-.875 0-1.338.375T10.25 9.2t.575 1.025t2.075.875q1.8.65 2.4 1.525t.6 1.925q0 .725-.25 1.275t-.663.938t-.962.625t-1.175.362v.375q0 .35-.263.613t-.612.262t-.612-.262t-.263-.613V17.7q-.95-.2-1.625-.75T8.4 15.55q-.15-.35.013-.675t.512-.45q.325-.125.65.012t.5.438q.35.65.888.962t1.187.313M12 23q-2.8 0-5.15-1.275T3 18.325V20q0 .425-.288.713T2 21t-.712-.288T1 20v-4q0-.425.288-.712T2 15h4q.425 0 .713.288T7 16t-.288.713T6 17H4.525q1.2 1.8 3.163 2.9T12 21q3.525 0 6.063-2.35t2.887-5.775q.05-.4.35-.638T22 12q.425 0 .725.263t.25.637q-.175 2.125-1.1 3.962t-2.4 3.2t-3.387 2.15T12 23m0-20Q8.475 3 5.938 5.35T3.05 11.125q-.05.4-.35.638T2 12q-.425 0-.725-.262t-.25-.638q.175-2.125 1.1-3.962t2.4-3.2t3.388-2.15T12 1q2.8 0 5.15 1.275t3.85 3.4V4q0-.425.288-.712T22 3t.713.288T23 4v4q0 .425-.288.713T22 9h-4q-.425 0-.712-.288T17 8t.288-.712T18 7h1.475q-1.2-1.8-3.162-2.9T12 3\"><\/path><\/svg><\/div><\/div>\n\n\n\n<h2 class=\"wp-block-heading has-text-align-center\">Acepta pagos en m\u00e1s de 100 monedas<\/h2>\n\n\n\n<p class=\"has-text-align-center\">Sus miembros pueden pagar en m\u00e1s de 100 monedas diferentes sin fricciones: no se requieren cuentas ni contrase\u00f1as.<\/p>\n\n\n\n<p class=\"has-text-align-center\"><a href=\"https:\/\/makemynut.com\/es\/countries-and-currencies\/\" data-type=\"page\" data-id=\"394\">Ver todas las monedas<\/a><\/p>\n<\/div>\n<\/div>\n\n\n\n<div class=\"wp-block-buttons is-content-justification-center is-layout-flex wp-container-core-buttons-is-layout-ccccae50 wp-block-buttons-is-layout-flex\" style=\"padding-top:var(--wp--preset--spacing--50);padding-bottom:var(--wp--preset--spacing--50)\">\n<div class=\"wp-block-button\"><a class=\"wp-block-button__link has-medium-font-size has-text-align-center has-custom-font-size wp-element-button\" href=\"https:\/\/makemynut.com\/es\/submit-your-project\/\" style=\"padding-top:10px;padding-bottom:10px\">Env\u00ede su proyecto<\/a><\/div>\n<\/div>\n\n\n\n<h2 class=\"wp-block-heading\">\u00bfQu\u00e9 plataforma es adecuada para usted?<\/h2>\n\n\n\n<div class=\"wp-block-group mmn-shadow has-theme-white-background-color has-background is-horizontal is-layout-flex wp-container-core-group-is-layout-6aee6e42 wp-block-group-is-layout-flex\" style=\"border-radius:8px;padding-top:var(--wp--preset--spacing--50);padding-bottom:var(--wp--preset--spacing--50)\">\n<figure class=\"wp-block-image size-large is-resized\"><img loading=\"lazy\" decoding=\"async\" width=\"1024\" height=\"287\" src=\"https:\/\/makemynut.com\/wp-content\/uploads\/2025\/04\/Make-My-Nut-logo-website-1024x287.png\" alt=\"\" class=\"wp-image-377\" style=\"width:180px\" srcset=\"https:\/\/makemynut.com\/wp-content\/uploads\/2025\/04\/Make-My-Nut-logo-website-1024x287.png 1024w, https:\/\/makemynut.com\/wp-content\/uploads\/2025\/04\/Make-My-Nut-logo-website-300x84.png 300w, https:\/\/makemynut.com\/wp-content\/uploads\/2025\/04\/Make-My-Nut-logo-website-768x215.png 768w, https:\/\/makemynut.com\/wp-content\/uploads\/2025\/04\/Make-My-Nut-logo-website-1536x431.png 1536w, https:\/\/makemynut.com\/wp-content\/uploads\/2025\/04\/Make-My-Nut-logo-website.png 1640w\" sizes=\"auto, (max-width: 1024px) 100vw, 1024px\" \/><\/figure>\n\n\n\n<ul style=\"padding-left:var(--wp--preset--spacing--50)\" class=\"wp-block-list mmn-checkmark\">\n<li>Ingresos mensuales para cualquier proyecto<\/li>\n\n\n\n<li>Membres\u00edas mensuales f\u00e1ciles de pagar lo que quieras<\/li>\n\n\n\n<li>Gana en tu sitio web o en el nuestro<\/li>\n\n\n\n<li>Se integra con su lista de correo electr\u00f3nico<\/li>\n\n\n\n<li>Sin comisiones<\/li>\n\n\n\n<li>Funciona en m\u00e1s de 100 pa\u00edses<\/li>\n\n\n\n<li>Baja fricci\u00f3n: no se requieren cuentas de apoyo<\/li>\n\n\n\n<li>Programa de afiliados: ingresos mensuales de por vida <\/li>\n<\/ul>\n<\/div>\n\n\n\n<div class=\"wp-block-group mmn-shadow has-theme-white-background-color has-background is-layout-flex wp-container-core-group-is-layout-ea07ac5c wp-block-group-is-layout-flex\" style=\"border-radius:8px;padding-top:var(--wp--preset--spacing--50);padding-bottom:var(--wp--preset--spacing--50)\">\n<figure class=\"wp-block-image size-full is-resized\"><img loading=\"lazy\" decoding=\"async\" width=\"1640\" height=\"460\" src=\"https:\/\/makemynut.com\/wp-content\/uploads\/2025\/11\/gofundme-logo.png\" alt=\"\" class=\"wp-image-985\" style=\"width:180px\" srcset=\"https:\/\/makemynut.com\/wp-content\/uploads\/2025\/11\/gofundme-logo.png 1640w, https:\/\/makemynut.com\/wp-content\/uploads\/2025\/11\/gofundme-logo-300x84.png 300w, https:\/\/makemynut.com\/wp-content\/uploads\/2025\/11\/gofundme-logo-1024x287.png 1024w, https:\/\/makemynut.com\/wp-content\/uploads\/2025\/11\/gofundme-logo-768x215.png 768w, https:\/\/makemynut.com\/wp-content\/uploads\/2025\/11\/gofundme-logo-1536x431.png 1536w\" sizes=\"auto, (max-width: 1640px) 100vw, 1640px\" \/><\/figure>\n\n\n\n<ul style=\"padding-left:var(--wp--preset--spacing--50)\" class=\"wp-block-list\">\n<li>Funci\u00f3n de ingresos mensuales limitados<\/li>\n\n\n\n<li>Soporte limitado de pago mensual seg\u00fan sus necesidades<\/li>\n\n\n\n<li>S\u00f3lo se puede subir a su plataforma<\/li>\n\n\n\n<li>Sin acceso a los correos electr\u00f3nicos de los seguidores<\/li>\n\n\n\n<li class=\"mmn-checkmark\">Sin comisiones<\/li>\n\n\n\n<li>Trabaja en 20 pa\u00edses<\/li>\n\n\n\n<li>Alta fricci\u00f3n: se requieren cuentas de apoyo<\/li>\n\n\n\n<li>Sin programa de afiliados<\/li>\n<\/ul>\n<\/div>\n\n\n\n<div class=\"wp-block-group mmn-shadow has-theme-white-background-color has-background is-layout-flex wp-container-core-group-is-layout-ea07ac5c wp-block-group-is-layout-flex\" style=\"border-radius:8px;padding-top:var(--wp--preset--spacing--50);padding-bottom:var(--wp--preset--spacing--50)\">\n<figure class=\"wp-block-image size-full is-resized\"><img loading=\"lazy\" decoding=\"async\" width=\"1640\" height=\"460\" src=\"https:\/\/makemynut.com\/wp-content\/uploads\/2025\/11\/Patreon-logo-centered.png\" alt=\"\" class=\"wp-image-989\" style=\"width:180px\" srcset=\"https:\/\/makemynut.com\/wp-content\/uploads\/2025\/11\/Patreon-logo-centered.png 1640w, https:\/\/makemynut.com\/wp-content\/uploads\/2025\/11\/Patreon-logo-centered-300x84.png 300w, https:\/\/makemynut.com\/wp-content\/uploads\/2025\/11\/Patreon-logo-centered-1024x287.png 1024w, https:\/\/makemynut.com\/wp-content\/uploads\/2025\/11\/Patreon-logo-centered-768x215.png 768w, https:\/\/makemynut.com\/wp-content\/uploads\/2025\/11\/Patreon-logo-centered-1536x431.png 1536w\" sizes=\"auto, (max-width: 1640px) 100vw, 1640px\" \/><\/figure>\n\n\n\n<ul style=\"padding-left:var(--wp--preset--spacing--50)\" class=\"wp-block-list\">\n<li class=\"mmn-checkmark\">Ingresos mensuales para creadores de contenido<\/li>\n\n\n\n<li>Soporte limitado de pago mensual seg\u00fan sus necesidades<\/li>\n\n\n\n<li>S\u00f3lo se puede ganar en su plataforma<\/li>\n\n\n\n<li>Descarga CSV de correos electr\u00f3nicos de seguidores<\/li>\n\n\n\n<li>Altas comisiones<\/li>\n\n\n\n<li class=\"mmn-checkmark\">Funciona en m\u00e1s de 200 pa\u00edses<\/li>\n\n\n\n<li>Alta fricci\u00f3n: se requieren cuentas de apoyo<\/li>\n\n\n\n<li class=\"mmn-checkmark\">Programa de afiliados: 1 a\u00f1o de ingresos mensuales<\/li>\n<\/ul>\n<\/div>\n\n\n\n<div class=\"wp-block-group mmn-shadow has-theme-white-background-color has-background is-layout-flex wp-container-core-group-is-layout-ea07ac5c wp-block-group-is-layout-flex\" style=\"border-radius:8px;padding-top:var(--wp--preset--spacing--50);padding-bottom:var(--wp--preset--spacing--50)\">\n<figure class=\"wp-block-image size-full is-resized\"><img loading=\"lazy\" decoding=\"async\" width=\"1640\" height=\"460\" src=\"https:\/\/makemynut.com\/wp-content\/uploads\/2026\/01\/Substack-logo.jpg\" alt=\"\" class=\"wp-image-1824\" style=\"width:180px\" srcset=\"https:\/\/makemynut.com\/wp-content\/uploads\/2026\/01\/Substack-logo.jpg 1640w, https:\/\/makemynut.com\/wp-content\/uploads\/2026\/01\/Substack-logo-300x84.jpg 300w, https:\/\/makemynut.com\/wp-content\/uploads\/2026\/01\/Substack-logo-1024x287.jpg 1024w, https:\/\/makemynut.com\/wp-content\/uploads\/2026\/01\/Substack-logo-768x215.jpg 768w, https:\/\/makemynut.com\/wp-content\/uploads\/2026\/01\/Substack-logo-1536x431.jpg 1536w, https:\/\/makemynut.com\/wp-content\/uploads\/2026\/01\/Substack-logo-18x5.jpg 18w\" sizes=\"auto, (max-width: 1640px) 100vw, 1640px\" \/><\/figure>\n\n\n\n<ul style=\"padding-left:var(--wp--preset--spacing--50)\" class=\"wp-block-list\">\n<li class=\"mmn-checkmark\">Ingresos mensuales para creadores de contenido<\/li>\n\n\n\n<li>Soporte limitado de pago mensual seg\u00fan sus necesidades<\/li>\n\n\n\n<li>S\u00f3lo se puede ganar en su plataforma<\/li>\n\n\n\n<li>Descarga CSV de correos electr\u00f3nicos de seguidores<\/li>\n\n\n\n<li>Altas comisiones<\/li>\n\n\n\n<li>Trabaja en 38 pa\u00edses<\/li>\n\n\n\n<li>Alta fricci\u00f3n: se requieren cuentas de apoyo<\/li>\n\n\n\n<li class=\"mmn-checkmark\">Programa de afiliados: 1 a\u00f1o de ingresos mensuales<\/li>\n<\/ul>\n<\/div>\n\n\n\n<div class=\"wp-block-group mmn-shadow has-theme-white-background-color has-background is-layout-flex wp-container-core-group-is-layout-ea07ac5c wp-block-group-is-layout-flex\" style=\"border-radius:8px;padding-top:var(--wp--preset--spacing--50);padding-bottom:var(--wp--preset--spacing--50)\">\n<figure class=\"wp-block-image size-full is-resized\"><img loading=\"lazy\" decoding=\"async\" width=\"1640\" height=\"460\" src=\"https:\/\/makemynut.com\/wp-content\/uploads\/2025\/11\/Kickstarter-logo.png\" alt=\"\" class=\"wp-image-991\" style=\"width:180px\" srcset=\"https:\/\/makemynut.com\/wp-content\/uploads\/2025\/11\/Kickstarter-logo.png 1640w, https:\/\/makemynut.com\/wp-content\/uploads\/2025\/11\/Kickstarter-logo-300x84.png 300w, https:\/\/makemynut.com\/wp-content\/uploads\/2025\/11\/Kickstarter-logo-1024x287.png 1024w, https:\/\/makemynut.com\/wp-content\/uploads\/2025\/11\/Kickstarter-logo-768x215.png 768w, https:\/\/makemynut.com\/wp-content\/uploads\/2025\/11\/Kickstarter-logo-1536x431.png 1536w\" sizes=\"auto, (max-width: 1640px) 100vw, 1640px\" \/><\/figure>\n\n\n\n<ul style=\"padding-left:var(--wp--preset--spacing--50)\" class=\"wp-block-list\">\n<li>Sin opci\u00f3n de ingresos mensuales<\/li>\n\n\n\n<li>S\u00f3lo se puede subir a su plataforma<\/li>\n\n\n\n<li>Descarga CSV de correos electr\u00f3nicos de seguidores<\/li>\n\n\n\n<li>Altas comisiones<\/li>\n\n\n\n<li>Trabaja en 25 pa\u00edses<\/li>\n\n\n\n<li>Alta fricci\u00f3n: se requieren cuentas de apoyo<\/li>\n\n\n\n<li>Sin programa de afiliados<\/li>\n<\/ul>\n<\/div>\n\n\n\n<div class=\"wp-block-buttons is-content-justification-center is-layout-flex wp-container-core-buttons-is-layout-ccccae50 wp-block-buttons-is-layout-flex\" style=\"padding-top:var(--wp--preset--spacing--50);padding-bottom:var(--wp--preset--spacing--50)\">\n<div class=\"wp-block-button\"><a class=\"wp-block-button__link has-medium-font-size has-text-align-center has-custom-font-size wp-element-button\" href=\"https:\/\/makemynut.com\/es\/submit-your-project\/\" style=\"padding-top:10px;padding-bottom:10px\">Env\u00ede su proyecto<\/a><\/div>\n<\/div>\n\n\n\n<p class=\"has-accent-color has-text-color has-link-color has-merriweather-font-family has-x-large-font-size wp-elements-d8aaddd76c21699145a70e1391ac8e85\">*<strong>Tuerca:<\/strong><\/p>\n\n\n\n<ol class=\"wp-block-list\">\n<li class=\"has-accent-color has-text-color has-link-color has-merriweather-font-family has-medium-font-size wp-elements-f983cd84d53b00f823b5b9c566775ddd\">Una cosa dif\u00edcil de descifrar.<\/li>\n\n\n\n<li class=\"has-accent-color has-text-color has-link-color has-merriweather-font-family has-medium-font-size wp-elements-3430b806441f4032962e71b88b110d64\">Costo mensual para vivir y construir el negocio o proyecto de tus sue\u00f1os.<\/li>\n<\/ol>","protected":false},"excerpt":{"rendered":"<p>Predictable recurring payments help you focus on your mission from the start Raise Your Salary First Don\u2019t let financial limits hold you back. The MakeMyNut* recurring payment community helps you earn monthly income for your vision so you can spend your time and energy creating it without working another job, borrowing money, or taking needless [&hellip;]<\/p>\n","protected":false},"author":1,"featured_media":1567,"parent":0,"menu_order":0,"comment_status":"closed","ping_status":"closed","template":"","meta":{"_acf_changed":false,"footnotes":""},"class_list":["post-10","page","type-page","status-publish","has-post-thumbnail","hentry"],"acf":[],"_links":{"self":[{"href":"https:\/\/makemynut.com\/es\/wp-json\/wp\/v2\/pages\/10","targetHints":{"allow":["GET"]}}],"collection":[{"href":"https:\/\/makemynut.com\/es\/wp-json\/wp\/v2\/pages"}],"about":[{"href":"https:\/\/makemynut.com\/es\/wp-json\/wp\/v2\/types\/page"}],"author":[{"embeddable":true,"href":"https:\/\/makemynut.com\/es\/wp-json\/wp\/v2\/users\/1"}],"replies":[{"embeddable":true,"href":"https:\/\/makemynut.com\/es\/wp-json\/wp\/v2\/comments?post=10"}],"version-history":[{"count":392,"href":"https:\/\/makemynut.com\/es\/wp-json\/wp\/v2\/pages\/10\/revisions"}],"predecessor-version":[{"id":2868,"href":"https:\/\/makemynut.com\/es\/wp-json\/wp\/v2\/pages\/10\/revisions\/2868"}],"wp:featuredmedia":[{"embeddable":true,"href":"https:\/\/makemynut.com\/es\/wp-json\/wp\/v2\/media\/1567"}],"wp:attachment":[{"href":"https:\/\/makemynut.com\/es\/wp-json\/wp\/v2\/media?parent=10"}],"curies":[{"name":"wp","href":"https:\/\/api.w.org\/{rel}","templated":true}]}}